{"id":234825,"date":"2023-11-23T12:32:16","date_gmt":"2023-11-23T17:32:16","guid":{"rendered":"https:\/\/househunterspanama.com\/edificio\/frente-al-mar-panama\/"},"modified":"2025-07-17T16:44:40","modified_gmt":"2025-07-17T21:44:40","slug":"frente-al-mar-panama","status":"publish","type":"page","link":"https:\/\/househunterspanama.com\/es\/edificio\/frente-al-mar-panama\/","title":{"rendered":"Frente al mar Panam\u00e1"},"content":{"rendered":"\t\t<div data-elementor-type=\"wp-page\" data-elementor-id=\"234825\" class=\"elementor elementor-234825 elementor-224126\" data-elementor-post-type=\"page\">\n\t\t\t\t\t\t<section class=\"elementor-section elementor-top-section elementor-element elementor-element-35de6af elementor-section-boxed elementor-section-height-default elementor-section-height-default\" data-id=\"35de6af\" data-element_type=\"section\">\n\t\t\t\t\t\t<div class=\"elementor-container elementor-column-gap-default\">\n\t\t\t\t\t<div class=\"elementor-column elementor-col-100 elementor-top-column elementor-element elementor-element-533b195\" data-id=\"533b195\" data-element_type=\"column\">\n\t\t\t<div class=\"elementor-widget-wrap elementor-element-populated\">\n\t\t\t\t\t\t<div class=\"elementor-element elementor-element-9774ff2 elementor-widget elementor-widget-text-editor\" data-id=\"9774ff2\" data-element_type=\"widget\" data-widget_type=\"text-editor.default\">\n\t\t\t\t<div class=\"elementor-widget-container\">\n\t\t\t\t\t\t\t\t\t<p><span style=\"font-weight: 400;\"><strong>Frente al mar<\/strong>: El imponente y lujoso edificio cuenta con una ubicaci\u00f3n privilegiada en Punta Paitilla, con espectaculares vistas al mar y a la ciudad. En Ocean Front tendr\u00e1s un estilo de vida inigualable, con m\u00e1s de 2,000 metros cuadrados. M de \u00e1reas sociales, cerca de todo y con una variedad de actividades para realizar sin salir de casa. Todas las unidades cuentan con pisos de m\u00e1rmol importado, puerta de acceso multipunto de seguridad, cocina de alta gama, closets de dise\u00f1o contempor\u00e1neo, puertas de ba\u00f1o de vidrio templado, altura libre de 3 metros en departamentos regulares y 3.5 metros en los Penthouses.<\/span><\/p>\t\t\t\t\t\t\t\t<\/div>\n\t\t\t\t<\/div>\n\t\t\t\t<div class=\"elementor-element elementor-element-54c185f elementor-hidden-desktop elementor-hidden-tablet elementor-hidden-mobile elementor-widget elementor-widget-toggle\" data-id=\"54c185f\" data-element_type=\"widget\" data-widget_type=\"toggle.default\">\n\t\t\t\t<div class=\"elementor-widget-container\">\n\t\t\t\t\t\t\t<div class=\"elementor-toggle\">\n\t\t\t\t\t\t\t<div class=\"elementor-toggle-item\">\n\t\t\t\t\t<div id=\"elementor-tab-title-8881\" class=\"elementor-tab-title\" data-tab=\"1\" role=\"button\" aria-controls=\"elementor-tab-content-8881\" aria-expanded=\"false\">\n\t\t\t\t\t\t\t\t\t\t\t\t<span class=\"elementor-toggle-icon elementor-toggle-icon-left\" aria-hidden=\"true\">\n\t\t\t\t\t\t\t\t\t\t\t\t\t\t\t<span class=\"elementor-toggle-icon-closed\"><i class=\"fas fa-caret-right\"><\/i><\/span>\n\t\t\t\t\t\t\t\t<span class=\"elementor-toggle-icon-opened\"><i class=\"elementor-toggle-icon-opened fas fa-caret-up\"><\/i><\/span>\n\t\t\t\t\t\t\t\t\t\t\t\t\t<\/span>\n\t\t\t\t\t\t\t\t\t\t\t\t<a class=\"elementor-toggle-title\" tabindex=\"0\">Leer M\u00e1s<\/a>\n\t\t\t\t\t<\/div>\n\n\t\t\t\t\t<div id=\"elementor-tab-content-8881\" class=\"elementor-tab-content elementor-clearfix\" data-tab=\"1\" role=\"region\" aria-labelledby=\"elementor-tab-title-8881\"><p>Es uno de los edificios m\u00e1s solicitados porque ofrece a sus residentes muchas amenidades para disfrutar. Cuenta con un vest\u00edbulo bellamente dise\u00f1ado, un spa, un gimnasio totalmente equipado, tenis, una cancha de squash, un parque infantil, sala de eventos, piscina y jacuzzi.<\/p>\n<p>El edificio tiene 210 metros de altura y 63 pisos. Su construcci\u00f3n corri\u00f3 a cargo de Fajardo Moreno Arquitectos y Btesh &amp; Virzi Promoci\u00f3n Inmobiliaria, que comenz\u00f3 en 2005 y finaliz\u00f3 en 2007. Es uno de los edificios m\u00e1s altos de la ciudad, superando los 200 metros entre los dem\u00e1s rascacielos.<\/p>\n<\/div>\n\t\t\t\t<\/div>\n\t\t\t\t\t\t\t\t<\/div>\n\t\t\t\t\t\t<\/div>\n\t\t\t\t<\/div>\n\t\t\t\t\t<\/div>\n\t\t<\/div>\n\t\t\t\t\t<\/div>\n\t\t<\/section>\n\t\t\t\t<section class=\"elementor-section elementor-top-section elementor-element elementor-element-f24e374 elementor-section-boxed elementor-section-height-default elementor-section-height-default\" data-id=\"f24e374\" data-element_type=\"section\">\n\t\t\t\t\t\t<div class=\"elementor-container elementor-column-gap-default\">\n\t\t\t\t\t<div class=\"elementor-column elementor-col-100 elementor-top-column elementor-element elementor-element-ea68705\" data-id=\"ea68705\" data-element_type=\"column\">\n\t\t\t<div class=\"elementor-widget-wrap elementor-element-populated\">\n\t\t\t\t\t\t<div class=\"elementor-element elementor-element-1572c75 elementor-widget elementor-widget-ct-listings-list\" data-id=\"1572c75\" data-element_type=\"widget\" data-widget_type=\"ct-listings-list.default\">\n\t\t\t\t<div class=\"elementor-widget-container\">\n\t\t\t\t\t<ul class=\"col span_12 row first\"><style>.virtual-tour-badge { position: absolute; top: 45px; right: 10px; background-color: rgba(0,0,0,0.4); color: #fff; font-size: 10px; line-height: 1; width: 36px; padding: 6px 3px; border-radius: 3px; text-align: center; font-weight: 400; z-index: 10;} .virtual-tour-badge.no-status { top: 16px;} .listing.minimal .virtual-tour-badge { top: 50px; right: 15px;} .virtual-tour-badge svg { margin: 0 0 4px 0;} .virtual-tour-text-wrap { display: inline-block;}<\/style>\n\t\t\t\t<li id=\"mls-151220251\" class=\"listing listing-list col span_12 first \">\n\n\t\t\t        \n\t\t\t        <figure class=\"col span_4 first\">\n\t\t\t        \t\t\t\t        \t\t\t\t            <h6 class=\"snipe status for-rent-es for-sale-es \"><span>For Rent  For Sale <\/span><\/h6>\t\t                <span class=\"prop-type-icon\"><svg version=\"1.1\" xmlns=\"http:\/\/www.w3.org\/2000\/svg\" width=\"18\" height=\"18\" viewBox=\"0 0 20 20\"> <path d=\"M19.871 12.165l-8.829-9.758c-0.274-0.303-0.644-0.47-1.042-0.47-0 0 0 0 0 0-0.397 0-0.767 0.167-1.042 0.47l-8.829 9.758c-0.185 0.205-0.169 0.521 0.035 0.706 0.096 0.087 0.216 0.129 0.335 0.129 0.136 0 0.272-0.055 0.371-0.165l2.129-2.353v8.018c0 0.827 0.673 1.5 1.5 1.5h11c0.827 0 1.5-0.673 1.5-1.5v-8.018l2.129 2.353c0.185 0.205 0.501 0.221 0.706 0.035s0.221-0.501 0.035-0.706zM12 19h-4v-4.5c0-0.276 0.224-0.5 0.5-0.5h3c0.276 0 0.5 0.224 0.5 0.5v4.5zM16 18.5c0 0.276-0.224 0.5-0.5 0.5h-2.5v-4.5c0-0.827-0.673-1.5-1.5-1.5h-3c-0.827 0-1.5 0.673-1.5 1.5v4.5h-2.5c-0.276 0-0.5-0.224-0.5-0.5v-9.123l5.7-6.3c0.082-0.091 0.189-0.141 0.3-0.141s0.218 0.050 0.3 0.141l5.7 6.3v9.123z\" fill=\"#ffffff\"><\/path> <\/svg><\/span><ul class=\"listing-actions\"><li><span class=\"listing-images-count\" data-tooltip=\"19 Fotos\"><i class=\"fa fa-image\"><\/i><\/span><\/li><li><span class=\"listing-views\" data-tooltip=\"121Puntos de vista\"><i class=\"fa fa-bar-chart\"><\/i><\/span><\/li><\/ul>\t\t                <a rel=\"268158\" class=\"show-secondary-image-false listing-featured-image\"href=\"https:\/\/househunterspanama.com\/es\/listings\/frente-al-mar-lujos-vistas-al-espacio-y-al-oceano-inigualables-en-punta-paitilla\/\"><img decoding=\"async\" src=\"https:\/\/househunterspanama.com\/wp-content\/uploads\/2025\/12\/PHOCEANFRONT_2140-818x540.png\" class=\"attachment-listings-featured-image size-listings-featured-image wp-post-image\" alt=\"\" data-secondary-img=\"show-secondary-image-false\" \/><\/a>\t\t\t        <\/figure>\n\n\t\t\t        \n\t\t\t        <div class=\"list-listing-info col span_8 first\">\n\t\t\t            <div class=\"list-listing-info-inner\">\n\t\t\t                <header>\n\t\t\t\t                <h4 class=\"marT0 marB0\"><a href=\"https:\/\/househunterspanama.com\/es\/listings\/frente-al-mar-lujos-vistas-al-espacio-y-al-oceano-inigualables-en-punta-paitilla\/\">Frente Al Mar \u2013 Lujos, Vistas Al Espacio Y Al Oc\u00e9ano Inigualables En Punta Paitilla<\/a><\/h5>\n\t\t\t\t                <p class=\"location muted marB0\">Panama City, Punta Paitilla  Panam\u00e1<\/p>\n\t\t\t                <\/header>\n\t\t\t                \n\t\t\t                <p class=\"price marB10\"><span class='listing-price-prefix'>En alquiler 6500 $, en venta <\/span><span class='listing-price'>$1.200.000<\/span><\/p>\n\t\t\t                \n\t\t                \t\n\t\t\t                <p class=\"listing-list-excerpt marB0\">Bienvenidos a una de las residencias m\u00e1s exclusivas de Punta Paitilla. Un espacio donde dimensiones generosas, dise\u00f1o refinado y vistas ininterrumpidas al oc\u00e9ano se&hellip;<\/p>\n\n\t\t\t                <ul class=\"propinfo propinfo-list marB0 padT0\">\n\t\t\t                \t\n\t\t\t                \t\n\t\t\t\t\t\t\t\t<li class=\"row beds\"><span class=\"muted left\">Cama<\/span><span class=\"right\">4<\/span><\/li><li class=\"row baths\"><span class=\"muted left\">Ba\u00f1o<\/span><span class=\"right\">4.5<\/span><\/li><li class=\"row pets\"><span class=\"muted left\">Mascotas<\/span><span class=\"right\">s\u00ed<\/span><\/li><li class=\"row parking\"><span class=\"muted left\">Estacionamiento<\/span><span class=\"right\">2<\/span><\/li><li class=\"row sqft\"><span class=\"muted left\"> m2<\/span><span class=\"right\">420<\/span><\/li><li class=\"row community\"><span class=\"muted left\">Comunidad<\/span><span class=\"right\">Frente al mar<\/span><\/li><li class=\"row property-type\"><span class=\"muted left\">Tipo<\/span><span class=\"right\"> Apartamento<\/span><\/li>\t\t\t\t\t\t\t\t\n\t\t\t                    \t<div class=\"clear\"><\/div>\n\t\t\t\t\t\t\t    \t\t                    <\/ul>\n\n\t\t                    <div class=\"col span_12 first list-agent-info\">\n\t\t\t                    <figure class=\"col span_1 first list-agent-image\"><a href=\"https:\/\/househunterspanama.com\/es\/author\/hh_holly\/\"><img decoding=\"async\" class=\"author-img\" src=\"https:\/\/househunterspanama.com\/wp-content\/themes\/realestate-7\/images\/user-default.png\" \/><\/a><\/figure>\t\t\t                    \t\t\t                    <div class=\"col span_5\">\n\t\t                            <p class=\"muted marB0\"><small>Agente<\/small><\/p>\n\t\t                            <p class=\"marB0\"><a href=\"https:\/\/househunterspanama.com\/es\/author\/hh_holly\/\">Web Admin<\/a><\/p>\n\t\t                        <\/div>\n\t\t\t                    <div class=\"col span_6\">\n\t\t\t                        \t\t\t                    <\/div>\n\t\t\t                <\/div>\n\t\t\t                    <div class=\"clear\"><\/div>\n\n\t\t                    \n\t\t\t            <\/div>\n\n\t\t\t            \t\t\t        <\/div>\n\t\t\t\t\n\t\t\t    <\/li>\n\n\t        <\/ul><div class=\"clear\"><\/div>\t\t\t\t<\/div>\n\t\t\t\t<\/div>\n\t\t\t\t\t<\/div>\n\t\t<\/div>\n\t\t\t\t\t<\/div>\n\t\t<\/section>\n\t\t\t\t<\/div>\n\t\t","protected":false},"excerpt":{"rendered":"<p>Frente al mar: El imponente y lujoso edificio cuenta con una ubicaci\u00f3n privilegiada en Punta Paitilla, con espectaculares vistas al mar y a la ciudad. En Ocean Front tendr\u00e1s un estilo de vida inigualable, con m\u00e1s de 2,000 metros cuadrados. M de \u00e1reas sociales, cerca de todo y con una variedad de actividades para realizar [&hellip;]<\/p>\n","protected":false},"author":6,"featured_media":0,"parent":202215,"menu_order":0,"comment_status":"closed","ping_status":"closed","template":"template-left-sidebar.php","meta":{"content-type":"","_themeisle_gutenberg_block_has_review":false,"footnotes":""},"class_list":["post-234825","page","type-page","status-publish","hentry"],"_links":{"self":[{"href":"https:\/\/househunterspanama.com\/es\/wp-json\/wp\/v2\/pages\/234825","targetHints":{"allow":["GET"]}}],"collection":[{"href":"https:\/\/househunterspanama.com\/es\/wp-json\/wp\/v2\/pages"}],"about":[{"href":"https:\/\/househunterspanama.com\/es\/wp-json\/wp\/v2\/types\/page"}],"author":[{"embeddable":true,"href":"https:\/\/househunterspanama.com\/es\/wp-json\/wp\/v2\/users\/6"}],"replies":[{"embeddable":true,"href":"https:\/\/househunterspanama.com\/es\/wp-json\/wp\/v2\/comments?post=234825"}],"version-history":[{"count":2,"href":"https:\/\/househunterspanama.com\/es\/wp-json\/wp\/v2\/pages\/234825\/revisions"}],"predecessor-version":[{"id":259598,"href":"https:\/\/househunterspanama.com\/es\/wp-json\/wp\/v2\/pages\/234825\/revisions\/259598"}],"up":[{"embeddable":true,"href":"https:\/\/househunterspanama.com\/es\/wp-json\/wp\/v2\/pages\/202215"}],"wp:attachment":[{"href":"https:\/\/househunterspanama.com\/es\/wp-json\/wp\/v2\/media?parent=234825"}],"curies":[{"name":"wp","href":"https:\/\/api.w.org\/{rel}","templated":true}]}}