{"id":202309,"date":"2021-12-01T03:41:30","date_gmt":"2021-12-01T08:41:30","guid":{"rendered":"https:\/\/househunterspanama.com\/edificio\/oceanaire-panama\/"},"modified":"2025-07-17T16:42:08","modified_gmt":"2025-07-17T21:42:08","slug":"oceanaire-panama","status":"publish","type":"page","link":"https:\/\/househunterspanama.com\/es\/edificio\/oceanaire-panama\/","title":{"rendered":"Oceanaire Panam\u00e1"},"content":{"rendered":"\t\t<div data-elementor-type=\"wp-page\" data-elementor-id=\"202309\" class=\"elementor elementor-202309 elementor-170838\" data-elementor-post-type=\"page\">\n\t\t\t\t\t\t<section class=\"elementor-section elementor-top-section elementor-element elementor-element-35de6af elementor-section-boxed elementor-section-height-default elementor-section-height-default\" data-id=\"35de6af\" data-element_type=\"section\">\n\t\t\t\t\t\t<div class=\"elementor-container elementor-column-gap-default\">\n\t\t\t\t\t<div class=\"elementor-column elementor-col-100 elementor-top-column elementor-element elementor-element-533b195\" data-id=\"533b195\" data-element_type=\"column\">\n\t\t\t<div class=\"elementor-widget-wrap elementor-element-populated\">\n\t\t\t\t\t\t<div class=\"elementor-element elementor-element-9774ff2 elementor-widget elementor-widget-text-editor\" data-id=\"9774ff2\" data-element_type=\"widget\" data-widget_type=\"text-editor.default\">\n\t\t\t\t<div class=\"elementor-widget-container\">\n\t\t\t\t\t\t\t\t\t<p><strong>Oceanaire<\/strong> es un edificio de 46 pisos, situado justo al borde del Oc\u00e9ano Pac\u00edfico, lo que lo convierte en uno de los pocos edificios de la ciudad que est\u00e1n realmente frente al mar. Esta ubicaci\u00f3n privilegiada le da a sus residentes acceso a una de las vistas al mar m\u00e1s asombrosas de la ciudad de Panam\u00e1.<\/p>\t\t\t\t\t\t\t\t<\/div>\n\t\t\t\t<\/div>\n\t\t\t\t<div class=\"elementor-element elementor-element-54c185f elementor-widget elementor-widget-toggle\" data-id=\"54c185f\" data-element_type=\"widget\" data-widget_type=\"toggle.default\">\n\t\t\t\t<div class=\"elementor-widget-container\">\n\t\t\t\t\t\t\t<div class=\"elementor-toggle\">\n\t\t\t\t\t\t\t<div class=\"elementor-toggle-item\">\n\t\t\t\t\t<div id=\"elementor-tab-title-8881\" class=\"elementor-tab-title\" data-tab=\"1\" role=\"button\" aria-controls=\"elementor-tab-content-8881\" aria-expanded=\"false\">\n\t\t\t\t\t\t\t\t\t\t\t\t<span class=\"elementor-toggle-icon elementor-toggle-icon-left\" aria-hidden=\"true\">\n\t\t\t\t\t\t\t\t\t\t\t\t\t\t\t<span class=\"elementor-toggle-icon-closed\"><i class=\"fas fa-caret-right\"><\/i><\/span>\n\t\t\t\t\t\t\t\t<span class=\"elementor-toggle-icon-opened\"><i class=\"elementor-toggle-icon-opened fas fa-caret-up\"><\/i><\/span>\n\t\t\t\t\t\t\t\t\t\t\t\t\t<\/span>\n\t\t\t\t\t\t\t\t\t\t\t\t<a class=\"elementor-toggle-title\" tabindex=\"0\">Leer M\u00e1s<\/a>\n\t\t\t\t\t<\/div>\n\n\t\t\t\t\t<div id=\"elementor-tab-content-8881\" class=\"elementor-tab-content elementor-clearfix\" data-tab=\"1\" role=\"region\" aria-labelledby=\"elementor-tab-title-8881\"><p>Oceanaire ofrece apartamentos de muchos modelos y tama\u00f1os diferentes para adaptarse a distintas necesidades y presupuestos. Estas opciones de apartamentos son estudios, lofts (dos dormitorios), 1-3 dormitorios con tama\u00f1os que van desde 84 m2 hasta 622 m2.<\/p>\n<p>Adem\u00e1s, Oceanaire cuenta con todas las comodidades que cabe esperar de un edificio de lujo, como una gran terraza con hermosas vistas de la ciudad, un gimnasio completo con sauna, un parque infantil con c\u00e9sped artificial, una gran sala de fiestas, una gran piscina con sol\u00e1rium y una espectacular vista del mar.<\/p>\n<\/div>\n\t\t\t\t<\/div>\n\t\t\t\t\t\t\t\t<\/div>\n\t\t\t\t\t\t<\/div>\n\t\t\t\t<\/div>\n\t\t\t\t\t<\/div>\n\t\t<\/div>\n\t\t\t\t\t<\/div>\n\t\t<\/section>\n\t\t\t\t<section class=\"elementor-section elementor-top-section elementor-element elementor-element-f24e374 elementor-section-boxed elementor-section-height-default elementor-section-height-default\" data-id=\"f24e374\" data-element_type=\"section\">\n\t\t\t\t\t\t<div class=\"elementor-container elementor-column-gap-default\">\n\t\t\t\t\t<div class=\"elementor-column elementor-col-100 elementor-top-column elementor-element elementor-element-ea68705\" data-id=\"ea68705\" data-element_type=\"column\">\n\t\t\t<div class=\"elementor-widget-wrap elementor-element-populated\">\n\t\t\t\t\t\t<div class=\"elementor-element elementor-element-1572c75 elementor-widget elementor-widget-ct-listings-list\" data-id=\"1572c75\" data-element_type=\"widget\" data-widget_type=\"ct-listings-list.default\">\n\t\t\t\t<div class=\"elementor-widget-container\">\n\t\t\t\t\t<ul class=\"col span_12 row first\"><style>.virtual-tour-badge { position: absolute; top: 45px; right: 10px; background-color: rgba(0,0,0,0.4); color: #fff; font-size: 10px; line-height: 1; width: 36px; padding: 6px 3px; border-radius: 3px; text-align: center; font-weight: 400; z-index: 10;} .virtual-tour-badge.no-status { top: 16px;} .listing.minimal .virtual-tour-badge { top: 50px; right: 15px;} .virtual-tour-badge svg { margin: 0 0 4px 0;} .virtual-tour-text-wrap { display: inline-block;}<\/style>\n\t\t\t\t<li id=\"mls-131220251\" class=\"listing listing-list col span_12 first \">\n\n\t\t\t        \n\t\t\t        <figure class=\"col span_4 first\">\n\t\t\t        \t\t\t\t        \t\t\t\t            <h6 class=\"snipe status for-sale-es \"><span>For Sale <\/span><\/h6>\t\t                <span class=\"prop-type-icon\"><svg version=\"1.1\" xmlns=\"http:\/\/www.w3.org\/2000\/svg\" width=\"18\" height=\"18\" viewBox=\"0 0 20 20\"> <path d=\"M19.871 12.165l-8.829-9.758c-0.274-0.303-0.644-0.47-1.042-0.47-0 0 0 0 0 0-0.397 0-0.767 0.167-1.042 0.47l-8.829 9.758c-0.185 0.205-0.169 0.521 0.035 0.706 0.096 0.087 0.216 0.129 0.335 0.129 0.136 0 0.272-0.055 0.371-0.165l2.129-2.353v8.018c0 0.827 0.673 1.5 1.5 1.5h11c0.827 0 1.5-0.673 1.5-1.5v-8.018l2.129 2.353c0.185 0.205 0.501 0.221 0.706 0.035s0.221-0.501 0.035-0.706zM12 19h-4v-4.5c0-0.276 0.224-0.5 0.5-0.5h3c0.276 0 0.5 0.224 0.5 0.5v4.5zM16 18.5c0 0.276-0.224 0.5-0.5 0.5h-2.5v-4.5c0-0.827-0.673-1.5-1.5-1.5h-3c-0.827 0-1.5 0.673-1.5 1.5v4.5h-2.5c-0.276 0-0.5-0.224-0.5-0.5v-9.123l5.7-6.3c0.082-0.091 0.189-0.141 0.3-0.141s0.218 0.050 0.3 0.141l5.7 6.3v9.123z\" fill=\"#ffffff\"><\/path> <\/svg><\/span><ul class=\"listing-actions\"><li><span class=\"listing-images-count\" data-tooltip=\"4 Fotos\"><i class=\"fa fa-image\"><\/i><\/span><\/li><li><span class=\"listing-views\" data-tooltip=\"103Puntos de vista\"><i class=\"fa fa-bar-chart\"><\/i><\/span><\/li><\/ul>\t\t                <a rel=\"268021\" class=\"show-secondary-image-false listing-featured-image\"href=\"https:\/\/househunterspanama.com\/es\/listings\/moderno-amueblado-y-con-vistas-descubre-el-aire-del-oceano\/\"><img decoding=\"async\" src=\"https:\/\/househunterspanama.com\/wp-content\/uploads\/2025\/12\/OCEAN-AIRE_2107_003-1-818x540.png\" class=\"attachment-listings-featured-image size-listings-featured-image wp-post-image\" alt=\"\" data-secondary-img=\"show-secondary-image-false\" \/><\/a>\t\t\t        <\/figure>\n\n\t\t\t        \n\t\t\t        <div class=\"list-listing-info col span_8 first\">\n\t\t\t            <div class=\"list-listing-info-inner\">\n\t\t\t                <header>\n\t\t\t\t                <h4 class=\"marT0 marB0\"><a href=\"https:\/\/househunterspanama.com\/es\/listings\/moderno-amueblado-y-con-vistas-descubre-el-aire-del-oceano\/\">Moderno, Amoblado Y Con Vista: Descubre Ocean Aire<\/a><\/h5>\n\t\t\t\t                <p class=\"location muted marB0\">Panama City, Punta Pac\u00edfica  Panam\u00e1<\/p>\n\t\t\t                <\/header>\n\t\t\t                \n\t\t\t                <p class=\"price marB10\"><span class='listing-price-prefix'>Se vende <\/span><span class='listing-price'>$230.000<\/span><\/p>\n\t\t\t                \n\t\t                \t\n\t\t\t                <p class=\"listing-list-excerpt marB0\">Precio de oferta: 230.000 $ Tama\u00f1o: 86 m\u00b2 | 1 dormitorio | 1 ba\u00f1o | 1 plaza de aparcamiento | Amueblado: Descubre un espacio&hellip;<\/p>\n\n\t\t\t                <ul class=\"propinfo propinfo-list marB0 padT0\">\n\t\t\t                \t\n\t\t\t                \t\n\t\t\t\t\t\t\t\t<li class=\"row beds\"><span class=\"muted left\">Cama<\/span><span class=\"right\">1<\/span><\/li><li class=\"row baths\"><span class=\"muted left\">Ba\u00f1o<\/span><span class=\"right\">1<\/span><\/li><li class=\"row pets\"><span class=\"muted left\">Mascotas<\/span><span class=\"right\">s\u00ed<\/span><\/li><li class=\"row parking\"><span class=\"muted left\">Estacionamiento<\/span><span class=\"right\">1<\/span><\/li><li class=\"row sqft\"><span class=\"muted left\"> m2<\/span><span class=\"right\">86<\/span><\/li><li class=\"row community\"><span class=\"muted left\">Comunidad<\/span><span class=\"right\">Oceanaire<\/span><\/li><li class=\"row property-type\"><span class=\"muted left\">Tipo<\/span><span class=\"right\"> Apartamento<\/span><\/li>\t\t\t\t\t\t\t\t\n\t\t\t                    \t<div class=\"clear\"><\/div>\n\t\t\t\t\t\t\t    \t\t                    <\/ul>\n\n\t\t                    <div class=\"col span_12 first list-agent-info\">\n\t\t\t                    <figure class=\"col span_1 first list-agent-image\"><a href=\"https:\/\/househunterspanama.com\/es\/author\/hh_holly\/\"><img decoding=\"async\" class=\"author-img\" src=\"https:\/\/househunterspanama.com\/wp-content\/themes\/realestate-7\/images\/user-default.png\" \/><\/a><\/figure>\t\t\t                    \t\t\t                    <div class=\"col span_5\">\n\t\t                            <p class=\"muted marB0\"><small>Agente<\/small><\/p>\n\t\t                            <p class=\"marB0\"><a href=\"https:\/\/househunterspanama.com\/es\/author\/hh_holly\/\">Web Admin<\/a><\/p>\n\t\t                        <\/div>\n\t\t\t                    <div class=\"col span_6\">\n\t\t\t                        \t\t\t                    <\/div>\n\t\t\t                <\/div>\n\t\t\t                    <div class=\"clear\"><\/div>\n\n\t\t                    \n\t\t\t            <\/div>\n\n\t\t\t            \t\t\t        <\/div>\n\t\t\t\t\n\t\t\t    <\/li>\n\n\t        \n\t\t\t\t<li id=\"mls-13620241\" class=\"listing listing-list col span_12 first \">\n\n\t\t\t        \n\t\t\t        <figure class=\"col span_4 first\">\n\t\t\t        \t\t\t\t        \t\t\t\t            <h6 class=\"snipe status for-sale-es \"><span>For Sale <\/span><\/h6>\t\t                <span class=\"prop-type-icon\"><svg version=\"1.1\" xmlns=\"http:\/\/www.w3.org\/2000\/svg\" width=\"18\" height=\"18\" viewBox=\"0 0 20 20\"> <path d=\"M19.871 12.165l-8.829-9.758c-0.274-0.303-0.644-0.47-1.042-0.47-0 0 0 0 0 0-0.397 0-0.767 0.167-1.042 0.47l-8.829 9.758c-0.185 0.205-0.169 0.521 0.035 0.706 0.096 0.087 0.216 0.129 0.335 0.129 0.136 0 0.272-0.055 0.371-0.165l2.129-2.353v8.018c0 0.827 0.673 1.5 1.5 1.5h11c0.827 0 1.5-0.673 1.5-1.5v-8.018l2.129 2.353c0.185 0.205 0.501 0.221 0.706 0.035s0.221-0.501 0.035-0.706zM12 19h-4v-4.5c0-0.276 0.224-0.5 0.5-0.5h3c0.276 0 0.5 0.224 0.5 0.5v4.5zM16 18.5c0 0.276-0.224 0.5-0.5 0.5h-2.5v-4.5c0-0.827-0.673-1.5-1.5-1.5h-3c-0.827 0-1.5 0.673-1.5 1.5v4.5h-2.5c-0.276 0-0.5-0.224-0.5-0.5v-9.123l5.7-6.3c0.082-0.091 0.189-0.141 0.3-0.141s0.218 0.050 0.3 0.141l5.7 6.3v9.123z\" fill=\"#ffffff\"><\/path> <\/svg><\/span><ul class=\"listing-actions\"><li><span class=\"listing-images-count\" data-tooltip=\"7 Fotos\"><i class=\"fa fa-image\"><\/i><\/span><\/li><li><span class=\"listing-views\" data-tooltip=\"772Puntos de vista\"><i class=\"fa fa-bar-chart\"><\/i><\/span><\/li><\/ul>\t\t                <a rel=\"235327\" class=\"show-secondary-image-false listing-featured-image\"href=\"https:\/\/househunterspanama.com\/es\/listings\/apartamento-remodelado-de-2-dormitorios-en-oceanaire-punta-pacifica\/\"><img decoding=\"async\" src=\"https:\/\/househunterspanama.com\/wp-content\/uploads\/2024\/06\/IMG-20240606-WA0028-818x540.jpg\" class=\"attachment-listings-featured-image size-listings-featured-image wp-post-image\" alt=\"\" data-secondary-img=\"show-secondary-image-false\" \/><\/a>\t\t\t        <\/figure>\n\n\t\t\t        \n\t\t\t        <div class=\"list-listing-info col span_8 first\">\n\t\t\t            <div class=\"list-listing-info-inner\">\n\t\t\t                <header>\n\t\t\t\t                <h4 class=\"marT0 marB0\"><a href=\"https:\/\/househunterspanama.com\/es\/listings\/apartamento-remodelado-de-2-dormitorios-en-oceanaire-punta-pacifica\/\">Apartamento Remodelado De 2 Dormitorios En Oceanaire, Punta Pacifica<\/a><\/h5>\n\t\t\t\t                <p class=\"location muted marB0\">Panama City, Punta Pac\u00edfica  Panam\u00e1<\/p>\n\t\t\t                <\/header>\n\t\t\t                \n\t\t\t                <p class=\"price marB10\"><span class='listing-price-prefix'>Se vende <\/span><span class='listing-price'>$430.000<\/span><\/p>\n\t\t\t                \n\t\t                \t\n\t\t\t                <p class=\"listing-list-excerpt marB0\">Oceanaire es uno de los edificios m\u00e1s exclusivos y lujosos de Punta Pac\u00edfica. Ofrece a todos los residentes impresionantes vistas de la ciudad y&hellip;<\/p>\n\n\t\t\t                <ul class=\"propinfo propinfo-list marB0 padT0\">\n\t\t\t                \t\n\t\t\t                \t\n\t\t\t\t\t\t\t\t<li class=\"row beds\"><span class=\"muted left\">Cama<\/span><span class=\"right\">2<\/span><\/li><li class=\"row baths\"><span class=\"muted left\">Ba\u00f1o<\/span><span class=\"right\">2.5<\/span><\/li><li class=\"row parking\"><span class=\"muted left\">Estacionamiento<\/span><span class=\"right\">2<\/span><\/li><li class=\"row sqft\"><span class=\"muted left\"> m2<\/span><span class=\"right\">203<\/span><\/li><li class=\"row community\"><span class=\"muted left\">Comunidad<\/span><span class=\"right\">Oceanaire, PH Oceanaire<\/span><\/li><li class=\"row property-type\"><span class=\"muted left\">Tipo<\/span><span class=\"right\"> Apartamento<\/span><\/li>\t\t\t\t\t\t\t\t\n\t\t\t                    \t<div class=\"clear\"><\/div>\n\t\t\t\t\t\t\t    \t\t                    <\/ul>\n\n\t\t                    <div class=\"col span_12 first list-agent-info\">\n\t\t\t                    <figure class=\"col span_1 first list-agent-image\"><a href=\"https:\/\/househunterspanama.com\/es\/author\/melissasanchez\/\"><img decoding=\"async\" class=\"author-img\" src=\"https:\/\/househunterspanama.com\/wp-content\/themes\/realestate-7\/images\/user-default.png\" \/><\/a><\/figure>\t\t\t                    \t\t\t                    <div class=\"col span_5\">\n\t\t                            <p class=\"muted marB0\"><small>Agente<\/small><\/p>\n\t\t                            <p class=\"marB0\"><a href=\"https:\/\/househunterspanama.com\/es\/author\/melissasanchez\/\">Melissa Sanchez<\/a><\/p>\n\t\t                        <\/div>\n\t\t\t                    <div class=\"col span_6\">\n\t\t\t                        \t\t\t                    <\/div>\n\t\t\t                <\/div>\n\t\t\t                    <div class=\"clear\"><\/div>\n\n\t\t                    \n\t\t\t            <\/div>\n\n\t\t\t            \t\t\t        <\/div>\n\t\t\t\t\n\t\t\t    <\/li>\n\n\t        <\/ul><div class=\"clear\"><\/div>\t\t\t\t<\/div>\n\t\t\t\t<\/div>\n\t\t\t\t\t<\/div>\n\t\t<\/div>\n\t\t\t\t\t<\/div>\n\t\t<\/section>\n\t\t\t\t<\/div>\n\t\t","protected":false},"excerpt":{"rendered":"<p>Oceanaire es un edificio de 46 pisos, situado justo al borde del Oc\u00e9ano Pac\u00edfico, lo que lo convierte en uno de los pocos edificios de la ciudad que est\u00e1n realmente frente al mar. Esta ubicaci\u00f3n privilegiada le da a sus residentes acceso a una de las vistas al mar m\u00e1s asombrosas de la ciudad de [&hellip;]<\/p>\n","protected":false},"author":6,"featured_media":0,"parent":202215,"menu_order":0,"comment_status":"closed","ping_status":"closed","template":"template-left-sidebar.php","meta":{"content-type":"","_themeisle_gutenberg_block_has_review":false,"footnotes":""},"class_list":["post-202309","page","type-page","status-publish","hentry"],"_links":{"self":[{"href":"https:\/\/househunterspanama.com\/es\/wp-json\/wp\/v2\/pages\/202309","targetHints":{"allow":["GET"]}}],"collection":[{"href":"https:\/\/househunterspanama.com\/es\/wp-json\/wp\/v2\/pages"}],"about":[{"href":"https:\/\/househunterspanama.com\/es\/wp-json\/wp\/v2\/types\/page"}],"author":[{"embeddable":true,"href":"https:\/\/househunterspanama.com\/es\/wp-json\/wp\/v2\/users\/6"}],"replies":[{"embeddable":true,"href":"https:\/\/househunterspanama.com\/es\/wp-json\/wp\/v2\/comments?post=202309"}],"version-history":[{"count":2,"href":"https:\/\/househunterspanama.com\/es\/wp-json\/wp\/v2\/pages\/202309\/revisions"}],"predecessor-version":[{"id":259460,"href":"https:\/\/househunterspanama.com\/es\/wp-json\/wp\/v2\/pages\/202309\/revisions\/259460"}],"up":[{"embeddable":true,"href":"https:\/\/househunterspanama.com\/es\/wp-json\/wp\/v2\/pages\/202215"}],"wp:attachment":[{"href":"https:\/\/househunterspanama.com\/es\/wp-json\/wp\/v2\/media?parent=202309"}],"curies":[{"name":"wp","href":"https:\/\/api.w.org\/{rel}","templated":true}]}}