{"id":202249,"date":"2021-12-01T02:23:11","date_gmt":"2021-12-01T07:23:11","guid":{"rendered":"https:\/\/househunterspanama.com\/edificio\/loft-41-panama\/"},"modified":"2025-07-17T16:42:08","modified_gmt":"2025-07-17T21:42:08","slug":"loft-41-panama","status":"publish","type":"page","link":"https:\/\/househunterspanama.com\/es\/edificio\/loft-41-panama\/","title":{"rendered":"Loft 41 Panam\u00e1"},"content":{"rendered":"\t\t<div data-elementor-type=\"wp-page\" data-elementor-id=\"202249\" class=\"elementor elementor-202249 elementor-170795\" data-elementor-post-type=\"page\">\n\t\t\t\t\t\t<section class=\"elementor-section elementor-top-section elementor-element elementor-element-35de6af elementor-section-boxed elementor-section-height-default elementor-section-height-default\" data-id=\"35de6af\" data-element_type=\"section\">\n\t\t\t\t\t\t<div class=\"elementor-container elementor-column-gap-default\">\n\t\t\t\t\t<div class=\"elementor-column elementor-col-100 elementor-top-column elementor-element elementor-element-533b195\" data-id=\"533b195\" data-element_type=\"column\">\n\t\t\t<div class=\"elementor-widget-wrap elementor-element-populated\">\n\t\t\t\t\t\t<div class=\"elementor-element elementor-element-9774ff2 elementor-widget elementor-widget-text-editor\" data-id=\"9774ff2\" data-element_type=\"widget\" data-widget_type=\"text-editor.default\">\n\t\t\t\t<div class=\"elementor-widget-container\">\n\t\t\t\t\t\t\t\t\t<p><strong>Loft 41<\/strong> es un edificio residencial LOFT de 35 pisos situado en la exclusiva \u00e1rea de Punta Pac\u00edfica, con vistas ininterrumpidas al Oc\u00e9ano Pac\u00edfico. Esta ubicaci\u00f3n estrat\u00e9gica ofrece una amplia gama de ventajas para vivir en Panam\u00e1, incluyendo el f\u00e1cil acceso al Corredor Sur, una de las autopistas m\u00e1s importantes de la ciudad de Panam\u00e1.<\/p>\t\t\t\t\t\t\t\t<\/div>\n\t\t\t\t<\/div>\n\t\t\t\t<div class=\"elementor-element elementor-element-54c185f elementor-widget elementor-widget-toggle\" data-id=\"54c185f\" data-element_type=\"widget\" data-widget_type=\"toggle.default\">\n\t\t\t\t<div class=\"elementor-widget-container\">\n\t\t\t\t\t\t\t<div class=\"elementor-toggle\">\n\t\t\t\t\t\t\t<div class=\"elementor-toggle-item\">\n\t\t\t\t\t<div id=\"elementor-tab-title-8881\" class=\"elementor-tab-title\" data-tab=\"1\" role=\"button\" aria-controls=\"elementor-tab-content-8881\" aria-expanded=\"false\">\n\t\t\t\t\t\t\t\t\t\t\t\t<span class=\"elementor-toggle-icon elementor-toggle-icon-left\" aria-hidden=\"true\">\n\t\t\t\t\t\t\t\t\t\t\t\t\t\t\t<span class=\"elementor-toggle-icon-closed\"><i class=\"fas fa-caret-right\"><\/i><\/span>\n\t\t\t\t\t\t\t\t<span class=\"elementor-toggle-icon-opened\"><i class=\"elementor-toggle-icon-opened fas fa-caret-up\"><\/i><\/span>\n\t\t\t\t\t\t\t\t\t\t\t\t\t<\/span>\n\t\t\t\t\t\t\t\t\t\t\t\t<a class=\"elementor-toggle-title\" tabindex=\"0\">Leer M\u00e1s<\/a>\n\t\t\t\t\t<\/div>\n\n\t\t\t\t\t<div id=\"elementor-tab-content-8881\" class=\"elementor-tab-content elementor-clearfix\" data-tab=\"1\" role=\"region\" aria-labelledby=\"elementor-tab-title-8881\"><p>La torre cuenta con dos apartamentos tipo loft por planta con 6,20 metros de doble altura y ventanas de suelo a techo. El tama\u00f1o de los apartamentos oscila entre 167 m2 y 260 m2.<\/p>\n<p>Algunos de sus amenidades son vigilancia 24 horas, vest\u00edbulo, piscina ol\u00edmpica cubierta, gimnasio, bar, sauna, jacuzzi, piscinas, zona de barbacoa y bar.<\/p>\n<\/div>\n\t\t\t\t<\/div>\n\t\t\t\t\t\t\t\t<\/div>\n\t\t\t\t\t\t<\/div>\n\t\t\t\t<\/div>\n\t\t\t\t\t<\/div>\n\t\t<\/div>\n\t\t\t\t\t<\/div>\n\t\t<\/section>\n\t\t\t\t<section class=\"elementor-section elementor-top-section elementor-element elementor-element-f24e374 elementor-section-boxed elementor-section-height-default elementor-section-height-default\" data-id=\"f24e374\" data-element_type=\"section\">\n\t\t\t\t\t\t<div class=\"elementor-container elementor-column-gap-default\">\n\t\t\t\t\t<div class=\"elementor-column elementor-col-100 elementor-top-column elementor-element elementor-element-ea68705\" data-id=\"ea68705\" data-element_type=\"column\">\n\t\t\t<div class=\"elementor-widget-wrap elementor-element-populated\">\n\t\t\t\t\t\t<div class=\"elementor-element elementor-element-1572c75 elementor-widget elementor-widget-ct-listings-list\" data-id=\"1572c75\" data-element_type=\"widget\" data-widget_type=\"ct-listings-list.default\">\n\t\t\t\t<div class=\"elementor-widget-container\">\n\t\t\t\t\t<ul class=\"col span_12 row first\"><style>.virtual-tour-badge { position: absolute; top: 45px; right: 10px; background-color: rgba(0,0,0,0.4); color: #fff; font-size: 10px; line-height: 1; width: 36px; padding: 6px 3px; border-radius: 3px; text-align: center; font-weight: 400; z-index: 10;} .virtual-tour-badge.no-status { top: 16px;} .listing.minimal .virtual-tour-badge { top: 50px; right: 15px;} .virtual-tour-badge svg { margin: 0 0 4px 0;} .virtual-tour-text-wrap { display: inline-block;}<\/style><div class=\"nomatches\"><h4 class=\"marB5\"><strong>No results for those listing parameters.<\/strong><\/h4><p class=\"marB0\">Try different settings or refreshing\/changing existing ones.<\/p><\/div><\/ul><div class=\"clear\"><\/div>\t\t\t\t<\/div>\n\t\t\t\t<\/div>\n\t\t\t\t\t<\/div>\n\t\t<\/div>\n\t\t\t\t\t<\/div>\n\t\t<\/section>\n\t\t\t\t<\/div>\n\t\t","protected":false},"excerpt":{"rendered":"<p>Loft 41 es un edificio residencial LOFT de 35 pisos situado en la exclusiva \u00e1rea de Punta Pac\u00edfica, con vistas ininterrumpidas al Oc\u00e9ano Pac\u00edfico. Esta ubicaci\u00f3n estrat\u00e9gica ofrece una amplia gama de ventajas para vivir en Panam\u00e1, incluyendo el f\u00e1cil acceso al Corredor Sur, una de las autopistas m\u00e1s importantes de la ciudad de Panam\u00e1. [&hellip;]<\/p>\n","protected":false},"author":6,"featured_media":0,"parent":202215,"menu_order":0,"comment_status":"closed","ping_status":"closed","template":"template-left-sidebar.php","meta":{"content-type":"","_themeisle_gutenberg_block_has_review":false,"footnotes":""},"class_list":["post-202249","page","type-page","status-publish","hentry"],"_links":{"self":[{"href":"https:\/\/househunterspanama.com\/es\/wp-json\/wp\/v2\/pages\/202249","targetHints":{"allow":["GET"]}}],"collection":[{"href":"https:\/\/househunterspanama.com\/es\/wp-json\/wp\/v2\/pages"}],"about":[{"href":"https:\/\/househunterspanama.com\/es\/wp-json\/wp\/v2\/types\/page"}],"author":[{"embeddable":true,"href":"https:\/\/househunterspanama.com\/es\/wp-json\/wp\/v2\/users\/6"}],"replies":[{"embeddable":true,"href":"https:\/\/househunterspanama.com\/es\/wp-json\/wp\/v2\/comments?post=202249"}],"version-history":[{"count":2,"href":"https:\/\/househunterspanama.com\/es\/wp-json\/wp\/v2\/pages\/202249\/revisions"}],"predecessor-version":[{"id":259476,"href":"https:\/\/househunterspanama.com\/es\/wp-json\/wp\/v2\/pages\/202249\/revisions\/259476"}],"up":[{"embeddable":true,"href":"https:\/\/househunterspanama.com\/es\/wp-json\/wp\/v2\/pages\/202215"}],"wp:attachment":[{"href":"https:\/\/househunterspanama.com\/es\/wp-json\/wp\/v2\/media?parent=202249"}],"curies":[{"name":"wp","href":"https:\/\/api.w.org\/{rel}","templated":true}]}}