{"id":202219,"date":"2021-11-17T19:28:17","date_gmt":"2021-11-18T00:28:17","guid":{"rendered":"https:\/\/househunterspanama.com\/edificio\/torre-aqualina-panama\/"},"modified":"2025-07-17T16:42:15","modified_gmt":"2025-07-17T21:42:15","slug":"torre-aqualina-panama","status":"publish","type":"page","link":"https:\/\/househunterspanama.com\/es\/edificio\/torre-aqualina-panama\/","title":{"rendered":"Torre Aqualina Panam\u00e1"},"content":{"rendered":"\t\t<div data-elementor-type=\"wp-page\" data-elementor-id=\"202219\" class=\"elementor elementor-202219 elementor-170560\" data-elementor-post-type=\"page\">\n\t\t\t\t\t\t<section class=\"elementor-section elementor-top-section elementor-element elementor-element-35de6af elementor-section-boxed elementor-section-height-default elementor-section-height-default\" data-id=\"35de6af\" data-element_type=\"section\">\n\t\t\t\t\t\t<div class=\"elementor-container elementor-column-gap-default\">\n\t\t\t\t\t<div class=\"elementor-column elementor-col-100 elementor-top-column elementor-element elementor-element-533b195\" data-id=\"533b195\" data-element_type=\"column\">\n\t\t\t<div class=\"elementor-widget-wrap elementor-element-populated\">\n\t\t\t\t\t\t<div class=\"elementor-element elementor-element-9774ff2 elementor-widget elementor-widget-text-editor\" data-id=\"9774ff2\" data-element_type=\"widget\" data-widget_type=\"text-editor.default\">\n\t\t\t\t<div class=\"elementor-widget-container\">\n\t\t\t\t\t\t\t\t\t<p><strong>Aqualina <\/strong>es un maravilloso rascacielos residencial en Punta Pac\u00edfica, Ciudad de Panam\u00e1. El edificio ofrece incre\u00edbles vistas al mar sin obstrucci\u00f3n desde todos sus apartamentos y es uno de los edificios m\u00e1s populares del \u00e1rea.<\/p>\t\t\t\t\t\t\t\t<\/div>\n\t\t\t\t<\/div>\n\t\t\t\t<div class=\"elementor-element elementor-element-54c185f elementor-widget elementor-widget-toggle\" data-id=\"54c185f\" data-element_type=\"widget\" data-widget_type=\"toggle.default\">\n\t\t\t\t<div class=\"elementor-widget-container\">\n\t\t\t\t\t\t\t<div class=\"elementor-toggle\">\n\t\t\t\t\t\t\t<div class=\"elementor-toggle-item\">\n\t\t\t\t\t<div id=\"elementor-tab-title-8881\" class=\"elementor-tab-title\" data-tab=\"1\" role=\"button\" aria-controls=\"elementor-tab-content-8881\" aria-expanded=\"false\">\n\t\t\t\t\t\t\t\t\t\t\t\t<span class=\"elementor-toggle-icon elementor-toggle-icon-left\" aria-hidden=\"true\">\n\t\t\t\t\t\t\t\t\t\t\t\t\t\t\t<span class=\"elementor-toggle-icon-closed\"><i class=\"fas fa-caret-right\"><\/i><\/span>\n\t\t\t\t\t\t\t\t<span class=\"elementor-toggle-icon-opened\"><i class=\"elementor-toggle-icon-opened fas fa-caret-up\"><\/i><\/span>\n\t\t\t\t\t\t\t\t\t\t\t\t\t<\/span>\n\t\t\t\t\t\t\t\t\t\t\t\t<a class=\"elementor-toggle-title\" tabindex=\"0\">Leer M\u00e1s<\/a>\n\t\t\t\t\t<\/div>\n\n\t\t\t\t\t<div id=\"elementor-tab-content-8881\" class=\"elementor-tab-content elementor-clearfix\" data-tab=\"1\" role=\"region\" aria-labelledby=\"elementor-tab-title-8881\"><p>Es uno de los edificios m\u00e1s solicitados porque ofrece a sus residentes muchas amenidades para disfrutar. Cuenta con un vest\u00edbulo bellamente dise\u00f1ado, un spa, un gimnasio totalmente equipado, tenis, una cancha de squash, un parque infantil, sala de eventos, piscina y jacuzzi.<\/p>\n<p>El edificio tiene 210 metros de altura y 63 pisos. Su construcci\u00f3n corri\u00f3 a cargo de Fajardo Moreno Arquitectos y Btesh &amp; Virzi Promoci\u00f3n Inmobiliaria, que comenz\u00f3 en 2005 y finaliz\u00f3 en 2007. Es uno de los edificios m\u00e1s altos de la ciudad, superando los 200 metros entre los dem\u00e1s rascacielos.<\/p>\n<\/div>\n\t\t\t\t<\/div>\n\t\t\t\t\t\t\t\t<\/div>\n\t\t\t\t\t\t<\/div>\n\t\t\t\t<\/div>\n\t\t\t\t\t<\/div>\n\t\t<\/div>\n\t\t\t\t\t<\/div>\n\t\t<\/section>\n\t\t\t\t<section class=\"elementor-section elementor-top-section elementor-element elementor-element-f24e374 elementor-section-boxed elementor-section-height-default elementor-section-height-default\" data-id=\"f24e374\" data-element_type=\"section\">\n\t\t\t\t\t\t<div class=\"elementor-container elementor-column-gap-default\">\n\t\t\t\t\t<div class=\"elementor-column elementor-col-100 elementor-top-column elementor-element elementor-element-ea68705\" data-id=\"ea68705\" data-element_type=\"column\">\n\t\t\t<div class=\"elementor-widget-wrap elementor-element-populated\">\n\t\t\t\t\t\t<div class=\"elementor-element elementor-element-1572c75 elementor-widget elementor-widget-ct-listings-list\" data-id=\"1572c75\" data-element_type=\"widget\" data-widget_type=\"ct-listings-list.default\">\n\t\t\t\t<div class=\"elementor-widget-container\">\n\t\t\t\t\t<ul class=\"col span_12 row first\"><style>.virtual-tour-badge { position: absolute; top: 45px; right: 10px; background-color: rgba(0,0,0,0.4); color: #fff; font-size: 10px; line-height: 1; width: 36px; padding: 6px 3px; border-radius: 3px; text-align: center; font-weight: 400; z-index: 10;} .virtual-tour-badge.no-status { top: 16px;} .listing.minimal .virtual-tour-badge { top: 50px; right: 15px;} .virtual-tour-badge svg { margin: 0 0 4px 0;} .virtual-tour-text-wrap { display: inline-block;}<\/style>\n\t\t\t\t<li id=\"mls-12220254\" class=\"listing listing-list col span_12 first \">\n\n\t\t\t        \n\t\t\t        <figure class=\"col span_4 first\">\n\t\t\t        \t\t\t\t        \t\t\t\t            <h6 class=\"snipe status for-sale-es \"><span>For Sale <\/span><\/h6>\t\t                <span class=\"prop-type-icon\"><svg version=\"1.1\" xmlns=\"http:\/\/www.w3.org\/2000\/svg\" width=\"18\" height=\"18\" viewBox=\"0 0 20 20\"> <path d=\"M19.871 12.165l-8.829-9.758c-0.274-0.303-0.644-0.47-1.042-0.47-0 0 0 0 0 0-0.397 0-0.767 0.167-1.042 0.47l-8.829 9.758c-0.185 0.205-0.169 0.521 0.035 0.706 0.096 0.087 0.216 0.129 0.335 0.129 0.136 0 0.272-0.055 0.371-0.165l2.129-2.353v8.018c0 0.827 0.673 1.5 1.5 1.5h11c0.827 0 1.5-0.673 1.5-1.5v-8.018l2.129 2.353c0.185 0.205 0.501 0.221 0.706 0.035s0.221-0.501 0.035-0.706zM12 19h-4v-4.5c0-0.276 0.224-0.5 0.5-0.5h3c0.276 0 0.5 0.224 0.5 0.5v4.5zM16 18.5c0 0.276-0.224 0.5-0.5 0.5h-2.5v-4.5c0-0.827-0.673-1.5-1.5-1.5h-3c-0.827 0-1.5 0.673-1.5 1.5v4.5h-2.5c-0.276 0-0.5-0.224-0.5-0.5v-9.123l5.7-6.3c0.082-0.091 0.189-0.141 0.3-0.141s0.218 0.050 0.3 0.141l5.7 6.3v9.123z\" fill=\"#ffffff\"><\/path> <\/svg><\/span><ul class=\"listing-actions\"><li><span class=\"listing-images-count\" data-tooltip=\"14 Fotos\"><i class=\"fa fa-image\"><\/i><\/span><\/li><li><span class=\"listing-views\" data-tooltip=\"377Puntos de vista\"><i class=\"fa fa-bar-chart\"><\/i><\/span><\/li><\/ul>\t\t                <a rel=\"249176\" class=\"show-secondary-image-false listing-featured-image\"href=\"https:\/\/househunterspanama.com\/es\/listings\/vida-de-lujo-en-punta-pacifica-amplio-apartamento-de-3-dormitorios-con-impresionantes-vistas-al-mar-y-a-la-ciudad\/\"><img decoding=\"async\" src=\"https:\/\/househunterspanama.com\/wp-content\/uploads\/2025\/02\/LISTINGS-0001-6-818x540.jpg\" class=\"attachment-listings-featured-image size-listings-featured-image wp-post-image\" alt=\"\" data-secondary-img=\"show-secondary-image-false\" \/><\/a>\t\t\t        <\/figure>\n\n\t\t\t        \n\t\t\t        <div class=\"list-listing-info col span_8 first\">\n\t\t\t            <div class=\"list-listing-info-inner\">\n\t\t\t                <header>\n\t\t\t\t                <h4 class=\"marT0 marB0\"><a href=\"https:\/\/househunterspanama.com\/es\/listings\/vida-de-lujo-en-punta-pacifica-amplio-apartamento-de-3-dormitorios-con-impresionantes-vistas-al-mar-y-a-la-ciudad\/\">Vida De Lujo En Punta Pac\u00edfica: Amplio Apartamento De 3 Dormitorios Con Impresionantes Vistas Al Mar Y A La Ciudad<\/a><\/h5>\n\t\t\t\t                <p class=\"location muted marB0\">Panama City, Punta Pac\u00edfica  Panam\u00e1<\/p>\n\t\t\t                <\/header>\n\t\t\t                \n\t\t\t                <p class=\"price marB10\"><span class='listing-price-prefix'>Se vende <\/span><span class='listing-price'>$950.600<\/span><\/p>\n\t\t\t                \n\t\t                \t\n\t\t\t                <p class=\"listing-list-excerpt marB0\">Tama\u00f1o: 388 m\u00b2 Dormitorios: 3 amplios dormitorios, cada uno con ba\u00f1o en suite Habitaci\u00f3n de servicio: Incluye una habitaci\u00f3n de servicio con ba\u00f1o dedicado&hellip;<\/p>\n\n\t\t\t                <ul class=\"propinfo propinfo-list marB0 padT0\">\n\t\t\t                \t\n\t\t\t                \t\n\t\t\t\t\t\t\t\t<li class=\"row beds\"><span class=\"muted left\">Cama<\/span><span class=\"right\">3<\/span><\/li><li class=\"row baths\"><span class=\"muted left\">Ba\u00f1o<\/span><span class=\"right\">3.5<\/span><\/li><li class=\"row pets\"><span class=\"muted left\">Mascotas<\/span><span class=\"right\">s\u00ed<\/span><\/li><li class=\"row parking\"><span class=\"muted left\">Estacionamiento<\/span><span class=\"right\">2<\/span><\/li><li class=\"row sqft\"><span class=\"muted left\"> m2<\/span><span class=\"right\">388<\/span><\/li><li class=\"row community\"><span class=\"muted left\">Comunidad<\/span><span class=\"right\">Aqualina<\/span><\/li><li class=\"row property-type\"><span class=\"muted left\">Tipo<\/span><span class=\"right\"> Apartamento<\/span><\/li>\t\t\t\t\t\t\t\t\n\t\t\t                    \t<div class=\"clear\"><\/div>\n\t\t\t\t\t\t\t    \t\t                    <\/ul>\n\n\t\t                    <div class=\"col span_12 first list-agent-info\">\n\t\t\t                    <figure class=\"col span_1 first list-agent-image\"><a href=\"https:\/\/househunterspanama.com\/es\/author\/melissasanchez\/\"><img decoding=\"async\" class=\"author-img\" src=\"https:\/\/househunterspanama.com\/wp-content\/themes\/realestate-7\/images\/user-default.png\" \/><\/a><\/figure>\t\t\t                    \t\t\t                    <div class=\"col span_5\">\n\t\t                            <p class=\"muted marB0\"><small>Agente<\/small><\/p>\n\t\t                            <p class=\"marB0\"><a href=\"https:\/\/househunterspanama.com\/es\/author\/melissasanchez\/\">Melissa Sanchez<\/a><\/p>\n\t\t                        <\/div>\n\t\t\t                    <div class=\"col span_6\">\n\t\t\t                        \t\t\t                    <\/div>\n\t\t\t                <\/div>\n\t\t\t                    <div class=\"clear\"><\/div>\n\n\t\t                    \n\t\t\t            <\/div>\n\n\t\t\t            \t\t\t        <\/div>\n\t\t\t\t\n\t\t\t    <\/li>\n\n\t        \n\t\t\t\t<li id=\"mls-230120232\" class=\"listing listing-list col span_12 first \">\n\n\t\t\t        \n\t\t\t        <figure class=\"col span_4 first\">\n\t\t\t        \t\t\t\t        \t\t\t\t            <h6 class=\"snipe status for-sale-es \"><span>For Sale <\/span><\/h6>\t\t                <span class=\"prop-type-icon\"><svg version=\"1.1\" xmlns=\"http:\/\/www.w3.org\/2000\/svg\" width=\"18\" height=\"18\" viewBox=\"0 0 20 20\"> <path d=\"M19.871 12.165l-8.829-9.758c-0.274-0.303-0.644-0.47-1.042-0.47-0 0 0 0 0 0-0.397 0-0.767 0.167-1.042 0.47l-8.829 9.758c-0.185 0.205-0.169 0.521 0.035 0.706 0.096 0.087 0.216 0.129 0.335 0.129 0.136 0 0.272-0.055 0.371-0.165l2.129-2.353v8.018c0 0.827 0.673 1.5 1.5 1.5h11c0.827 0 1.5-0.673 1.5-1.5v-8.018l2.129 2.353c0.185 0.205 0.501 0.221 0.706 0.035s0.221-0.501 0.035-0.706zM12 19h-4v-4.5c0-0.276 0.224-0.5 0.5-0.5h3c0.276 0 0.5 0.224 0.5 0.5v4.5zM16 18.5c0 0.276-0.224 0.5-0.5 0.5h-2.5v-4.5c0-0.827-0.673-1.5-1.5-1.5h-3c-0.827 0-1.5 0.673-1.5 1.5v4.5h-2.5c-0.276 0-0.5-0.224-0.5-0.5v-9.123l5.7-6.3c0.082-0.091 0.189-0.141 0.3-0.141s0.218 0.050 0.3 0.141l5.7 6.3v9.123z\" fill=\"#ffffff\"><\/path> <\/svg><\/span><ul class=\"listing-actions\"><li><span class=\"listing-images-count\" data-tooltip=\"31 Fotos\"><i class=\"fa fa-image\"><\/i><\/span><\/li><li><span class=\"listing-views\" data-tooltip=\"805Puntos de vista\"><i class=\"fa fa-bar-chart\"><\/i><\/span><\/li><\/ul>\t\t                <a rel=\"229729\" class=\"show-secondary-image-false listing-featured-image\"href=\"https:\/\/househunterspanama.com\/es\/listings\/estupendo-apartamento-amueblado-en-venta-o-alquiler-en-ph-aqualina-punta-pacifica\/\"><img decoding=\"async\" src=\"https:\/\/househunterspanama.com\/wp-content\/uploads\/2024\/01\/DSC04712-818x540.jpg\" class=\"attachment-listings-featured-image size-listings-featured-image wp-post-image\" alt=\"\" data-secondary-img=\"show-secondary-image-false\" \/><\/a>\t\t\t        <\/figure>\n\n\t\t\t        \n\t\t\t        <div class=\"list-listing-info col span_8 first\">\n\t\t\t            <div class=\"list-listing-info-inner\">\n\t\t\t                <header>\n\t\t\t\t                <h4 class=\"marT0 marB0\"><a href=\"https:\/\/househunterspanama.com\/es\/listings\/estupendo-apartamento-amueblado-en-venta-o-alquiler-en-ph-aqualina-punta-pacifica\/\">Estupendo Apartamento Amueblado En Venta En Ph Aqualina, Punta Pacifica<\/a><\/h5>\n\t\t\t\t                <p class=\"location muted marB0\">Panama City, Punta Pac\u00edfica  Panam\u00e1<\/p>\n\t\t\t                <\/header>\n\t\t\t                \n\t\t\t                <p class=\"price marB10\"><span class='listing-price-prefix'>En Venta <\/span><span class='listing-price'>$785.000<\/span><\/p>\n\t\t\t                \n\t\t                \t\n\t\t\t                <p class=\"listing-list-excerpt marB0\">Estupendo Apartamento Amueblado en Venta en PH Aqualina, Punta Pacifica \ud83c\udfd9\ufe0f Ubicaci\u00f3n: Calle Punta Col\u00f3n, Punta Pac\u00edfica, Panam\u00e1, Panam\u00e1. \ud83d\udcd0 Metraje: 318 m\u00b2 Caracter\u00edsticas:&hellip;<\/p>\n\n\t\t\t                <ul class=\"propinfo propinfo-list marB0 padT0\">\n\t\t\t                \t\n\t\t\t                \t\n\t\t\t\t\t\t\t\t<li class=\"row beds\"><span class=\"muted left\">Cama<\/span><span class=\"right\">3<\/span><\/li><li class=\"row baths\"><span class=\"muted left\">Ba\u00f1o<\/span><span class=\"right\">3.5<\/span><\/li><li class=\"row parking\"><span class=\"muted left\">Estacionamiento<\/span><span class=\"right\">2<\/span><\/li><li class=\"row sqft\"><span class=\"muted left\"> m2<\/span><span class=\"right\">318<\/span><\/li><li class=\"row price-per\"><span class=\"muted left\">Precio Por m2<\/span><span class=\"right\">$2.468,55<\/span><\/li><li class=\"row community\"><span class=\"muted left\">Comunidad<\/span><span class=\"right\">Aqualina<\/span><\/li><li class=\"row property-type\"><span class=\"muted left\">Tipo<\/span><span class=\"right\"> Apartamento<\/span><\/li>\t\t\t\t\t\t\t\t\n\t\t\t                    \t<div class=\"clear\"><\/div>\n\t\t\t\t\t\t\t    \t\t                    <\/ul>\n\n\t\t                    <div class=\"col span_12 first list-agent-info\">\n\t\t\t                    <figure class=\"col span_1 first list-agent-image\"><a href=\"https:\/\/househunterspanama.com\/es\/author\/melissasanchez\/\"><img decoding=\"async\" class=\"author-img\" src=\"https:\/\/househunterspanama.com\/wp-content\/themes\/realestate-7\/images\/user-default.png\" \/><\/a><\/figure>\t\t\t                    \t\t\t                    <div class=\"col span_5\">\n\t\t                            <p class=\"muted marB0\"><small>Agente<\/small><\/p>\n\t\t                            <p class=\"marB0\"><a href=\"https:\/\/househunterspanama.com\/es\/author\/melissasanchez\/\">Melissa Sanchez<\/a><\/p>\n\t\t                        <\/div>\n\t\t\t                    <div class=\"col span_6\">\n\t\t\t                        \t\t\t                    <\/div>\n\t\t\t                <\/div>\n\t\t\t                    <div class=\"clear\"><\/div>\n\n\t\t                    \n\t\t\t            <\/div>\n\n\t\t\t            \t\t\t        <\/div>\n\t\t\t\t\n\t\t\t    <\/li>\n\n\t        \n\t\t\t\t<li id=\"mls-130120242\" class=\"listing listing-list col span_12 first \">\n\n\t\t\t        \n\t\t\t        <figure class=\"col span_4 first\">\n\t\t\t        \t\t\t\t        \t\t\t\t            <h6 class=\"snipe status for-sale-es \"><span>For Sale <\/span><\/h6>\t\t                <span class=\"prop-type-icon\"><svg version=\"1.1\" xmlns=\"http:\/\/www.w3.org\/2000\/svg\" width=\"18\" height=\"18\" viewBox=\"0 0 20 20\"> <path d=\"M19.871 12.165l-8.829-9.758c-0.274-0.303-0.644-0.47-1.042-0.47-0 0 0 0 0 0-0.397 0-0.767 0.167-1.042 0.47l-8.829 9.758c-0.185 0.205-0.169 0.521 0.035 0.706 0.096 0.087 0.216 0.129 0.335 0.129 0.136 0 0.272-0.055 0.371-0.165l2.129-2.353v8.018c0 0.827 0.673 1.5 1.5 1.5h11c0.827 0 1.5-0.673 1.5-1.5v-8.018l2.129 2.353c0.185 0.205 0.501 0.221 0.706 0.035s0.221-0.501 0.035-0.706zM12 19h-4v-4.5c0-0.276 0.224-0.5 0.5-0.5h3c0.276 0 0.5 0.224 0.5 0.5v4.5zM16 18.5c0 0.276-0.224 0.5-0.5 0.5h-2.5v-4.5c0-0.827-0.673-1.5-1.5-1.5h-3c-0.827 0-1.5 0.673-1.5 1.5v4.5h-2.5c-0.276 0-0.5-0.224-0.5-0.5v-9.123l5.7-6.3c0.082-0.091 0.189-0.141 0.3-0.141s0.218 0.050 0.3 0.141l5.7 6.3v9.123z\" fill=\"#ffffff\"><\/path> <\/svg><\/span><ul class=\"listing-actions\"><li><span class=\"listing-images-count\" data-tooltip=\"17 Fotos\"><i class=\"fa fa-image\"><\/i><\/span><\/li><li><span class=\"listing-views\" data-tooltip=\"526Puntos de vista\"><i class=\"fa fa-bar-chart\"><\/i><\/span><\/li><\/ul>\t\t                <a rel=\"229710\" class=\"show-secondary-image-false listing-featured-image\"href=\"https:\/\/househunterspanama.com\/es\/listings\/bonito-apartamento-completamente-remodelado-en-ph-aqualina-punta-pacifica\/\"><img decoding=\"async\" src=\"https:\/\/househunterspanama.com\/wp-content\/uploads\/2024\/01\/WhatsApp-Image-2024-01-12-at-12.19.28-818x540.jpg\" class=\"attachment-listings-featured-image size-listings-featured-image wp-post-image\" alt=\"\" data-secondary-img=\"show-secondary-image-false\" \/><\/a>\t\t\t        <\/figure>\n\n\t\t\t        \n\t\t\t        <div class=\"list-listing-info col span_8 first\">\n\t\t\t            <div class=\"list-listing-info-inner\">\n\t\t\t                <header>\n\t\t\t\t                <h4 class=\"marT0 marB0\"><a href=\"https:\/\/househunterspanama.com\/es\/listings\/bonito-apartamento-completamente-remodelado-en-ph-aqualina-punta-pacifica\/\">Bonito Apartamento Completamente Remodelado En Ph Aqualina, Punta Pacifica<\/a><\/h5>\n\t\t\t\t                <p class=\"location muted marB0\">Panama City, Punta Pac\u00edfica  Panam\u00e1<\/p>\n\t\t\t                <\/header>\n\t\t\t                \n\t\t\t                <p class=\"price marB10\"><span class='listing-price-prefix'>Se vende <\/span><span class='listing-price'>$1.600.000<\/span><\/p>\n\t\t\t                \n\t\t                \t\n\t\t\t                <p class=\"listing-list-excerpt marB0\">Bonito Apartamento completamente remodelado en PH Aqualina, Punta Pacifica \ud83c\udfd9\ufe0f Ubicaci\u00f3n: Calle Punta Col\u00f3n, Punta Pac\u00edfica, Panam\u00e1, Panam\u00e1. \ud83d\udcd0 Metraje: 904 m\u00b2 (450 m\u00b2&hellip;<\/p>\n\n\t\t\t                <ul class=\"propinfo propinfo-list marB0 padT0\">\n\t\t\t                \t\n\t\t\t                \t\n\t\t\t\t\t\t\t\t<li class=\"row beds\"><span class=\"muted left\">Cama<\/span><span class=\"right\">4<\/span><\/li><li class=\"row baths\"><span class=\"muted left\">Ba\u00f1o<\/span><span class=\"right\">3<\/span><\/li><li class=\"row sqft\"><span class=\"muted left\"> m2<\/span><span class=\"right\">904<\/span><\/li><li class=\"row community\"><span class=\"muted left\">Comunidad<\/span><span class=\"right\">Aqualina<\/span><\/li><li class=\"row property-type\"><span class=\"muted left\">Tipo<\/span><span class=\"right\"> Apartamento<\/span><\/li>\t\t\t\t\t\t\t\t\n\t\t\t                    \t<div class=\"clear\"><\/div>\n\t\t\t\t\t\t\t    \t\t                    <\/ul>\n\n\t\t                    <div class=\"col span_12 first list-agent-info\">\n\t\t\t                    <figure class=\"col span_1 first list-agent-image\"><a href=\"https:\/\/househunterspanama.com\/es\/author\/melissasanchez\/\"><img decoding=\"async\" class=\"author-img\" src=\"https:\/\/househunterspanama.com\/wp-content\/themes\/realestate-7\/images\/user-default.png\" \/><\/a><\/figure>\t\t\t                    \t\t\t                    <div class=\"col span_5\">\n\t\t                            <p class=\"muted marB0\"><small>Agente<\/small><\/p>\n\t\t                            <p class=\"marB0\"><a href=\"https:\/\/househunterspanama.com\/es\/author\/melissasanchez\/\">Melissa Sanchez<\/a><\/p>\n\t\t                        <\/div>\n\t\t\t                    <div class=\"col span_6\">\n\t\t\t                        \t\t\t                    <\/div>\n\t\t\t                <\/div>\n\t\t\t                    <div class=\"clear\"><\/div>\n\n\t\t                    \n\t\t\t            <\/div>\n\n\t\t\t            \t\t\t        <\/div>\n\t\t\t\t\n\t\t\t    <\/li>\n\n\t        <div class=\"clear\"><\/div>\n\t\t\t\t<li id=\"mls-71220231\" class=\"listing listing-list col span_12 first \">\n\n\t\t\t        \n\t\t\t        <figure class=\"col span_4 first\">\n\t\t\t        \t\t\t\t        \t\t\t\t            <h6 class=\"snipe status for-sale-es \"><span>For Sale <\/span><\/h6>\t\t                <span class=\"prop-type-icon\"><svg version=\"1.1\" xmlns=\"http:\/\/www.w3.org\/2000\/svg\" width=\"18\" height=\"18\" viewBox=\"0 0 20 20\"> <path d=\"M19.871 12.165l-8.829-9.758c-0.274-0.303-0.644-0.47-1.042-0.47-0 0 0 0 0 0-0.397 0-0.767 0.167-1.042 0.47l-8.829 9.758c-0.185 0.205-0.169 0.521 0.035 0.706 0.096 0.087 0.216 0.129 0.335 0.129 0.136 0 0.272-0.055 0.371-0.165l2.129-2.353v8.018c0 0.827 0.673 1.5 1.5 1.5h11c0.827 0 1.5-0.673 1.5-1.5v-8.018l2.129 2.353c0.185 0.205 0.501 0.221 0.706 0.035s0.221-0.501 0.035-0.706zM12 19h-4v-4.5c0-0.276 0.224-0.5 0.5-0.5h3c0.276 0 0.5 0.224 0.5 0.5v4.5zM16 18.5c0 0.276-0.224 0.5-0.5 0.5h-2.5v-4.5c0-0.827-0.673-1.5-1.5-1.5h-3c-0.827 0-1.5 0.673-1.5 1.5v4.5h-2.5c-0.276 0-0.5-0.224-0.5-0.5v-9.123l5.7-6.3c0.082-0.091 0.189-0.141 0.3-0.141s0.218 0.050 0.3 0.141l5.7 6.3v9.123z\" fill=\"#ffffff\"><\/path> <\/svg><\/span><ul class=\"listing-actions\"><li><span class=\"listing-images-count\" data-tooltip=\"21 Fotos\"><i class=\"fa fa-image\"><\/i><\/span><\/li><li><span class=\"listing-views\" data-tooltip=\"409Puntos de vista\"><i class=\"fa fa-bar-chart\"><\/i><\/span><\/li><\/ul>\t\t                <a rel=\"234830\" class=\"show-secondary-image-false listing-featured-image\"href=\"https:\/\/househunterspanama.com\/es\/listings\/hermoso-apartamento-en-venta-en-ph-aqualina-punta-pacifica-4\/\"><img decoding=\"async\" src=\"https:\/\/househunterspanama.com\/wp-content\/uploads\/2023\/12\/DSC02457-818x540.jpg\" class=\"attachment-listings-featured-image size-listings-featured-image wp-post-image\" alt=\"\" data-secondary-img=\"show-secondary-image-false\" \/><\/a>\t\t\t        <\/figure>\n\n\t\t\t        \n\t\t\t        <div class=\"list-listing-info col span_8 first\">\n\t\t\t            <div class=\"list-listing-info-inner\">\n\t\t\t                <header>\n\t\t\t\t                <h4 class=\"marT0 marB0\"><a href=\"https:\/\/househunterspanama.com\/es\/listings\/hermoso-apartamento-en-venta-en-ph-aqualina-punta-pacifica-4\/\">Hermoso Apartamento En Venta En Ph Aqualina, Punta Pac\u00edfica.<\/a><\/h5>\n\t\t\t\t                <p class=\"location muted marB0\">Ciudad de Panam\u00e1, Panama City, Punta Pac\u00edfica  Panam\u00e1<\/p>\n\t\t\t                <\/header>\n\t\t\t                \n\t\t\t                <p class=\"price marB10\"><span class='listing-price-prefix'>Se vende <\/span><span class='listing-price'>$800.000<\/span><\/p>\n\t\t\t                \n\t\t                \t\n\t\t\t                <p class=\"listing-list-excerpt marB0\">Hermoso apartamento en venta en PH Aqualina, Punta Pac\u00edfica. Este apartamento cuenta con 482m2, excelentes acabados, \u00e1reas sociales muy completas, cancha de tenis, y&hellip;<\/p>\n\n\t\t\t                <ul class=\"propinfo propinfo-list marB0 padT0\">\n\t\t\t                \t\n\t\t\t                \t\n\t\t\t\t\t\t\t\t<li class=\"row beds\"><span class=\"muted left\">Cama<\/span><span class=\"right\">4<\/span><\/li><li class=\"row baths\"><span class=\"muted left\">Ba\u00f1o<\/span><span class=\"right\">4.5<\/span><\/li><li class=\"row parking\"><span class=\"muted left\">Estacionamiento<\/span><span class=\"right\">3<\/span><\/li><li class=\"row sqft\"><span class=\"muted left\"> m2<\/span><span class=\"right\">482<\/span><\/li><li class=\"row price-per\"><span class=\"muted left\">Precio Por m2<\/span><span class=\"right\">$1.659,75<\/span><\/li><li class=\"row community\"><span class=\"muted left\">Comunidad<\/span><span class=\"right\">Aqualina<\/span><\/li><li class=\"row property-type\"><span class=\"muted left\">Tipo<\/span><span class=\"right\"> Apartamento<\/span><\/li>\t\t\t\t\t\t\t\t\n\t\t\t                    \t<div class=\"clear\"><\/div>\n\t\t\t\t\t\t\t    \t\t                    <\/ul>\n\n\t\t                    <div class=\"col span_12 first list-agent-info\">\n\t\t\t                    <figure class=\"col span_1 first list-agent-image\"><a href=\"https:\/\/househunterspanama.com\/es\/author\/listings\/\"><img decoding=\"async\" class=\"authorimg\" src=\"https:\/\/househunterspanama.com\/wp-content\/uploads\/2022\/05\/sony-a7-lenses-shotkit-1-768x513-1.webp\" \/><\/a><\/figure>\t\t\t                    \t\t\t                    <div class=\"col span_5\">\n\t\t                            <p class=\"muted marB0\"><small>Agente<\/small><\/p>\n\t\t                            <p class=\"marB0\"><a href=\"https:\/\/househunterspanama.com\/es\/author\/listings\/\">Listings <\/a><\/p>\n\t\t                        <\/div>\n\t\t\t                    <div class=\"col span_6\">\n\t\t\t                        \t\t\t                    <\/div>\n\t\t\t                <\/div>\n\t\t\t                    <div class=\"clear\"><\/div>\n\n\t\t                    \n\t\t\t            <\/div>\n\n\t\t\t            \t\t\t        <\/div>\n\t\t\t\t\n\t\t\t    <\/li>\n\n\t        <\/ul><div class=\"clear\"><\/div>\t\t\t\t<\/div>\n\t\t\t\t<\/div>\n\t\t\t\t\t<\/div>\n\t\t<\/div>\n\t\t\t\t\t<\/div>\n\t\t<\/section>\n\t\t\t\t<\/div>\n\t\t","protected":false},"excerpt":{"rendered":"<p>Aqualina es un maravilloso rascacielos residencial en Punta Pac\u00edfica, Ciudad de Panam\u00e1. El edificio ofrece incre\u00edbles vistas al mar sin obstrucci\u00f3n desde todos sus apartamentos y es uno de los edificios m\u00e1s populares del \u00e1rea. Leer M\u00e1s Es uno de los edificios m\u00e1s solicitados porque ofrece a sus residentes muchas amenidades para disfrutar. Cuenta con [&hellip;]<\/p>\n","protected":false},"author":6,"featured_media":0,"parent":202215,"menu_order":0,"comment_status":"closed","ping_status":"closed","template":"template-left-sidebar.php","meta":{"content-type":"","_themeisle_gutenberg_block_has_review":false,"footnotes":""},"class_list":["post-202219","page","type-page","status-publish","hentry"],"_links":{"self":[{"href":"https:\/\/househunterspanama.com\/es\/wp-json\/wp\/v2\/pages\/202219","targetHints":{"allow":["GET"]}}],"collection":[{"href":"https:\/\/househunterspanama.com\/es\/wp-json\/wp\/v2\/pages"}],"about":[{"href":"https:\/\/househunterspanama.com\/es\/wp-json\/wp\/v2\/types\/page"}],"author":[{"embeddable":true,"href":"https:\/\/househunterspanama.com\/es\/wp-json\/wp\/v2\/users\/6"}],"replies":[{"embeddable":true,"href":"https:\/\/househunterspanama.com\/es\/wp-json\/wp\/v2\/comments?post=202219"}],"version-history":[{"count":2,"href":"https:\/\/househunterspanama.com\/es\/wp-json\/wp\/v2\/pages\/202219\/revisions"}],"predecessor-version":[{"id":259481,"href":"https:\/\/househunterspanama.com\/es\/wp-json\/wp\/v2\/pages\/202219\/revisions\/259481"}],"up":[{"embeddable":true,"href":"https:\/\/househunterspanama.com\/es\/wp-json\/wp\/v2\/pages\/202215"}],"wp:attachment":[{"href":"https:\/\/househunterspanama.com\/es\/wp-json\/wp\/v2\/media?parent=202219"}],"curies":[{"name":"wp","href":"https:\/\/api.w.org\/{rel}","templated":true}]}}