{"id":202181,"date":"2018-04-16T20:12:39","date_gmt":"2018-04-17T01:12:39","guid":{"rendered":"https:\/\/househunterspanama.com\/servicios-juridicos\/"},"modified":"2025-07-17T16:42:23","modified_gmt":"2025-07-17T21:42:23","slug":"servicios-juridicos","status":"publish","type":"page","link":"https:\/\/househunterspanama.com\/es\/servicios-juridicos\/","title":{"rendered":"Servicios Legales"},"content":{"rendered":"<p style=\"text-align: justify;\">En House Hunters Panama protegemos los intereses de nuestros clientes durante una transacci\u00f3n inmobiliaria. Trabajamos con abogados especializados en:<\/p>\n<p>&nbsp;<\/p>\n<h4 style=\"text-align: justify;\"><strong><span style=\"color: #c4ab6e;\">Derecho Inmobiliario<\/span><\/strong><\/h4>\n<p style=\"text-align: justify;\">Ofrecemos asesoramiento y apoyo a nuestros inversionistas nacionales e internacionales, gui\u00e1ndoles a trav\u00e9s de cada paso del proceso inmobiliario.<\/p>\n<p>&nbsp;<\/p>\n<h4 style=\"text-align: justify;\"><strong><span style=\"color: #c4ab6e;\">Derecho de Inmigraci\u00f3n<\/span><\/strong><\/h4>\n<p style=\"text-align: justify;\">El gobierno Paname\u00f1o le ofrece a los extranjeros varias visas para obtener la residencia temporal o permanente, la ciudadan\u00eda, pasaportes y permisos de trabajo. Nuestros abogados pueden ayudarle a analizar qu\u00e9 tipo de visa se adapta mejor a sus necesidades personales.<\/p>\n<p>&nbsp;<\/p>\n<h4 style=\"text-align: justify;\"><strong><span style=\"color: #c4ab6e;\">Planificaci\u00f3n Patrimonial<\/span><\/strong><\/h4>\n<p style=\"text-align: justify;\">Corporaciones Paname\u00f1as Offshore, as\u00ed como Fundaciones Paname\u00f1as Offshore, para proveer servicios de planificaci\u00f3n patrimonial de calidad.<\/p>\n<p>&nbsp;<\/p>\n<h4 style=\"text-align: justify;\"><strong><span style=\"color: #c4ab6e;\">Servicios Bancarios<\/span><\/strong><\/h4>\n<p style=\"text-align: justify;\">Nuestros abogados trabajan en estrecha colaboraci\u00f3n con varias de las instituciones bancarias m\u00e1s grandes de Panam\u00e1, facilitando el acceso a la creaci\u00f3n de cuentas bancarias y todas sus necesidades bancarias.<\/p>\n<p>&nbsp;<\/p>\n<h4 style=\"text-align: justify;\"><strong><span style=\"color: #c4ab6e;\">Derecho Fiscal<\/span><\/strong><\/h4>\n<p style=\"text-align: justify;\">El objetivo es que usted pague la menor cantidad de impuestos exigibles conforme a la ley, cumpliendo siempre con el gobierno. Tras un breve an\u00e1lisis de su situaci\u00f3n, podr\u00e1 encontrar la opci\u00f3n m\u00e1s favorable desde el punto de vista fiscal.<\/p>\n<p>&nbsp;<\/p>\n<p style=\"text-align: justify;\">Si necesita asistencia legal, p\u00f3ngase en contacto con nosotros hoy mismo o llene el formulario y nos pondremos en contacto con usted.<\/p>\n<p><strong>\u00a1P\u00f3ngase en Contacto con Nosotros!<\/strong><br \/>\n(+507) 830 6020<\/p>\n<p>&nbsp;<\/p>\n\n<div class=\"wpcf7 no-js\" id=\"wpcf7-f202986-o1\" lang=\"es-ES\" dir=\"ltr\" data-wpcf7-id=\"202986\">\n<div class=\"screen-reader-response\"><p role=\"status\" aria-live=\"polite\" aria-atomic=\"true\"><\/p> <ul><\/ul><\/div>\n<form action=\"\/es\/wp-json\/wp\/v2\/pages\/202181#wpcf7-f202986-o1\" method=\"post\" class=\"wpcf7-form init\" aria-label=\"Formulario de contacto\" novalidate=\"novalidate\" data-status=\"init\">\n<fieldset class=\"hidden-fields-container\"><input type=\"hidden\" name=\"_wpcf7\" value=\"202986\" \/><input type=\"hidden\" name=\"_wpcf7_version\" value=\"6.1.1\" \/><input type=\"hidden\" name=\"_wpcf7_locale\" value=\"es_ES\" \/><input type=\"hidden\" name=\"_wpcf7_unit_tag\" value=\"wpcf7-f202986-o1\" \/><input type=\"hidden\" name=\"_wpcf7_container_post\" value=\"0\" \/><input type=\"hidden\" name=\"_wpcf7_posted_data_hash\" value=\"\" \/><input type=\"hidden\" name=\"_wpcf7_recaptcha_response\" value=\"\" \/>\n<\/fieldset>\n<p><label> Su nombre<br \/>\n<span class=\"wpcf7-form-control-wrap\" data-name=\"your-name\"><input size=\"40\" maxlength=\"400\" class=\"wpcf7-form-control wpcf7-text wpcf7-validates-as-required\" aria-required=\"true\" aria-invalid=\"false\" value=\"\" type=\"text\" name=\"your-name\" \/><\/span> <\/label>\n<\/p>\n<p><label> Su correo electr\u00f3nico<br \/>\n<span class=\"wpcf7-form-control-wrap\" data-name=\"your-email\"><input size=\"40\" maxlength=\"400\" class=\"wpcf7-form-control wpcf7-email wpcf7-validates-as-required wpcf7-text wpcf7-validates-as-email\" aria-required=\"true\" aria-invalid=\"false\" value=\"\" type=\"email\" name=\"your-email\" \/><\/span> <\/label>\n<\/p>\n<p><label> Su mensaje (opcional)<br \/>\n<span class=\"wpcf7-form-control-wrap\" data-name=\"your-message\"><textarea cols=\"40\" rows=\"10\" maxlength=\"2000\" class=\"wpcf7-form-control wpcf7-textarea\" aria-invalid=\"false\" name=\"your-message\"><\/textarea><\/span> <\/label>\n<\/p>\n<p><input type=\"hidden\" name=\"utm_campaign\" value=\"\" \/>\n<\/p>\n<p><input type=\"hidden\" name=\"utm_source\" value=\"\" \/>\n<\/p>\n<p><input type=\"hidden\" name=\"utm_medium\" value=\"\" \/>\n<\/p>\n<p><input type=\"hidden\" name=\"utm_term\" value=\"\" \/>\n<\/p>\n<p><input type=\"hidden\" name=\"utm_content\" value=\"\" \/>\n<\/p>\n<p><input type=\"hidden\" name=\"gclid\" value=\"\" \/>\n<\/p>\n<p><input class=\"wpcf7-form-control wpcf7-submit has-spinner\" type=\"submit\" value=\"Enviar\" \/>\n<\/p><div class=\"wpcf7-response-output\" aria-hidden=\"true\"><\/div>\n<\/form>\n<\/div>\n\n","protected":false},"excerpt":{"rendered":"<p>En House Hunters Panama protegemos los intereses de nuestros clientes durante una transacci\u00f3n inmobiliaria. Trabajamos con abogados especializados en: &nbsp; Derecho Inmobiliario Ofrecemos asesoramiento y apoyo a nuestros inversionistas nacionales e internacionales, gui\u00e1ndoles a trav\u00e9s de cada paso del proceso inmobiliario. &nbsp; Derecho de Inmigraci\u00f3n El gobierno Paname\u00f1o le ofrece a los extranjeros varias visas [&hellip;]<\/p>\n","protected":false},"author":6,"featured_media":0,"parent":0,"menu_order":0,"comment_status":"closed","ping_status":"closed","template":"","meta":{"content-type":"","_themeisle_gutenberg_block_has_review":false,"footnotes":""},"class_list":["post-202181","page","type-page","status-publish","hentry"],"_links":{"self":[{"href":"https:\/\/househunterspanama.com\/es\/wp-json\/wp\/v2\/pages\/202181","targetHints":{"allow":["GET"]}}],"collection":[{"href":"https:\/\/househunterspanama.com\/es\/wp-json\/wp\/v2\/pages"}],"about":[{"href":"https:\/\/househunterspanama.com\/es\/wp-json\/wp\/v2\/types\/page"}],"author":[{"embeddable":true,"href":"https:\/\/househunterspanama.com\/es\/wp-json\/wp\/v2\/users\/6"}],"replies":[{"embeddable":true,"href":"https:\/\/househunterspanama.com\/es\/wp-json\/wp\/v2\/comments?post=202181"}],"version-history":[{"count":1,"href":"https:\/\/househunterspanama.com\/es\/wp-json\/wp\/v2\/pages\/202181\/revisions"}],"predecessor-version":[{"id":259500,"href":"https:\/\/househunterspanama.com\/es\/wp-json\/wp\/v2\/pages\/202181\/revisions\/259500"}],"wp:attachment":[{"href":"https:\/\/househunterspanama.com\/es\/wp-json\/wp\/v2\/media?parent=202181"}],"curies":[{"name":"wp","href":"https:\/\/api.w.org\/{rel}","templated":true}]}}